{"id":98,"date":"2025-12-11T20:31:43","date_gmt":"2025-12-11T20:31:43","guid":{"rendered":"http:\/\/nhlfsyy.cluster121.hosting.ovh.net\/?page_id=98"},"modified":"2025-12-12T11:20:51","modified_gmt":"2025-12-12T11:20:51","slug":"apprendre-a-piloter","status":"publish","type":"page","link":"https:\/\/aeromodelisme-fouesnant.fr\/?page_id=98","title":{"rendered":"Apprendre \u00e0 piloter"},"content":{"rendered":"\n<p><\/p>\n\n\n\n<p>Tout comme il n&rsquo;est pas inn\u00e9 de savoir rouler en v\u00e9lo, piloter un a\u00e9romod\u00e8le impose une p\u00e9riode d&rsquo;apprentissage : pour cela, les le\u00e7ons de pilotage s&rsquo;effectuent en direct sur le terrain du club avec du mat\u00e9riel en double commande ou \u00ab au chaud \u00bb devant un simulateur de vol dans les locaux.<\/p>\n\n\n\n<p>Dans les deux cas, apr\u00e8s une dur\u00e9e de formation plus ou moins longue selon les individus, l&rsquo;autonomie en pilotage sera acquise et le nouvel a\u00e9romod\u00e9liste sera en mesure de faire \u00e9voluer seul un a\u00e9romod\u00e8le simple. Puis plus tard, avec l&rsquo;exp\u00e9rience et le conseil des moniteurs, il pourra aborder d&rsquo;autres domaines de vol comme la voltige.<\/p>\n\n\n\n<figure class=\"wp-block-gallery has-nested-images columns-default is-cropped wp-block-gallery-1 is-layout-flex wp-block-gallery-is-layout-flex\">\n<figure class=\"wp-block-image size-large\"><img loading=\"lazy\" decoding=\"async\" width=\"1024\" height=\"768\" data-id=\"120\" src=\"https:\/\/aeromodelisme-fouesnant.fr\/wp-content\/uploads\/2025\/12\/20230604_135438-4-1024x768.jpg\" alt=\"\" class=\"wp-image-120\" srcset=\"https:\/\/aeromodelisme-fouesnant.fr\/wp-content\/uploads\/2025\/12\/20230604_135438-4-1024x768.jpg 1024w, https:\/\/aeromodelisme-fouesnant.fr\/wp-content\/uploads\/2025\/12\/20230604_135438-4-300x225.jpg 300w, https:\/\/aeromodelisme-fouesnant.fr\/wp-content\/uploads\/2025\/12\/20230604_135438-4-768x576.jpg 768w, https:\/\/aeromodelisme-fouesnant.fr\/wp-content\/uploads\/2025\/12\/20230604_135438-4-1536x1152.jpg 1536w, https:\/\/aeromodelisme-fouesnant.fr\/wp-content\/uploads\/2025\/12\/20230604_135438-4-2048x1536.jpg 2048w\" sizes=\"auto, (max-width: 1024px) 100vw, 1024px\" \/><\/figure>\n\n\n\n<figure class=\"wp-block-image size-large\"><img loading=\"lazy\" decoding=\"async\" width=\"768\" height=\"1024\" data-id=\"121\" src=\"https:\/\/aeromodelisme-fouesnant.fr\/wp-content\/uploads\/2025\/12\/IMG_20250531_202450-4-768x1024.jpg\" alt=\"\" class=\"wp-image-121\" srcset=\"https:\/\/aeromodelisme-fouesnant.fr\/wp-content\/uploads\/2025\/12\/IMG_20250531_202450-4-768x1024.jpg 768w, https:\/\/aeromodelisme-fouesnant.fr\/wp-content\/uploads\/2025\/12\/IMG_20250531_202450-4-225x300.jpg 225w, https:\/\/aeromodelisme-fouesnant.fr\/wp-content\/uploads\/2025\/12\/IMG_20250531_202450-4-1152x1536.jpg 1152w, https:\/\/aeromodelisme-fouesnant.fr\/wp-content\/uploads\/2025\/12\/IMG_20250531_202450-4.jpg 1200w\" sizes=\"auto, (max-width: 768px) 100vw, 768px\" \/><\/figure>\n\n\n\n<figure class=\"wp-block-image size-large\"><img loading=\"lazy\" decoding=\"async\" width=\"768\" height=\"1024\" data-id=\"122\" src=\"https:\/\/aeromodelisme-fouesnant.fr\/wp-content\/uploads\/2025\/12\/20190224_172310-3-768x1024.jpg\" alt=\"\" class=\"wp-image-122\" srcset=\"https:\/\/aeromodelisme-fouesnant.fr\/wp-content\/uploads\/2025\/12\/20190224_172310-3-768x1024.jpg 768w, https:\/\/aeromodelisme-fouesnant.fr\/wp-content\/uploads\/2025\/12\/20190224_172310-3-225x300.jpg 225w, https:\/\/aeromodelisme-fouesnant.fr\/wp-content\/uploads\/2025\/12\/20190224_172310-3-1152x1536.jpg 1152w, https:\/\/aeromodelisme-fouesnant.fr\/wp-content\/uploads\/2025\/12\/20190224_172310-3-1536x2048.jpg 1536w, https:\/\/aeromodelisme-fouesnant.fr\/wp-content\/uploads\/2025\/12\/20190224_172310-3-scaled.jpg 1920w\" sizes=\"auto, (max-width: 768px) 100vw, 768px\" \/><\/figure>\n<\/figure>\n\n\n\n<p><\/p>\n","protected":false},"excerpt":{"rendered":"<p>Tout comme il n&rsquo;est pas inn\u00e9 de savoir rouler en v\u00e9lo, piloter un a\u00e9romod\u00e8le impose une p\u00e9riode d&rsquo;apprentissage : pour cela, les le\u00e7ons de pilotage s&rsquo;effectuent en direct sur le terrain du club avec du mat\u00e9riel en double commande ou \u00ab au chaud \u00bb devant un simulateur de vol dans les locaux. Dans les deux [&hellip;]<\/p>\n","protected":false},"author":1,"featured_media":0,"parent":0,"menu_order":0,"comment_status":"closed","ping_status":"closed","template":"","meta":{"footnotes":""},"class_list":["post-98","page","type-page","status-publish","hentry"],"_links":{"self":[{"href":"https:\/\/aeromodelisme-fouesnant.fr\/index.php?rest_route=\/wp\/v2\/pages\/98","targetHints":{"allow":["GET"]}}],"collection":[{"href":"https:\/\/aeromodelisme-fouesnant.fr\/index.php?rest_route=\/wp\/v2\/pages"}],"about":[{"href":"https:\/\/aeromodelisme-fouesnant.fr\/index.php?rest_route=\/wp\/v2\/types\/page"}],"author":[{"embeddable":true,"href":"https:\/\/aeromodelisme-fouesnant.fr\/index.php?rest_route=\/wp\/v2\/users\/1"}],"replies":[{"embeddable":true,"href":"https:\/\/aeromodelisme-fouesnant.fr\/index.php?rest_route=%2Fwp%2Fv2%2Fcomments&post=98"}],"version-history":[{"count":4,"href":"https:\/\/aeromodelisme-fouesnant.fr\/index.php?rest_route=\/wp\/v2\/pages\/98\/revisions"}],"predecessor-version":[{"id":142,"href":"https:\/\/aeromodelisme-fouesnant.fr\/index.php?rest_route=\/wp\/v2\/pages\/98\/revisions\/142"}],"wp:attachment":[{"href":"https:\/\/aeromodelisme-fouesnant.fr\/index.php?rest_route=%2Fwp%2Fv2%2Fmedia&parent=98"}],"curies":[{"name":"wp","href":"https:\/\/api.w.org\/{rel}","templated":true}]}}