{"id":9,"date":"2025-12-09T16:47:42","date_gmt":"2025-12-09T16:47:42","guid":{"rendered":"http:\/\/nhlfsyy.cluster121.hosting.ovh.net\/?page_id=9"},"modified":"2025-12-20T07:48:41","modified_gmt":"2025-12-20T07:48:41","slug":"a-propos-de","status":"publish","type":"page","link":"https:\/\/aeromodelisme-fouesnant.fr\/?page_id=9","title":{"rendered":"\u00c0 propos de nous"},"content":{"rendered":"\n<h1 class=\"wp-block-heading\"><strong>L\u2019Envie de Voler Ensemble<\/strong><\/h1>\n\n\n\n<p><\/p>\n\n\n\n<p>Fond\u00e9 en septembre 2010 par des passionn\u00e9s d\u2019a\u00e9romod\u00e9lisme, le club est n\u00e9 d\u2019une volont\u00e9 commune : partager la passion du mod\u00e9lisme a\u00e9rien, alliant technique, cr\u00e9ativit\u00e9 et convivialit\u00e9.<\/p>\n\n\n\n<p>2015 : L\u2019Envol des Activit\u00e9s<\/p>\n\n\n\n<p>Avec 15 licenci\u00e9s, le club se distingue en ext\u00e9rieur comme en indoor, notamment \u00e0 l\u2019espace de Brehoulou. Les membres s\u2019investissent dans les forums des associations pour faire d\u00e9couvrir l\u2019a\u00e9romod\u00e9lisme et organiser des d\u00e9monstrations. Les portes ouvertes deviennent un rendez-vous incontournable pour le public.<\/p>\n\n\n\n<p>2022 : Un Local pour Aller Plus Loin<\/p>\n\n\n\n<p>Gr\u00e2ce au soutien de la mairie, qui met \u00e0 disposition un local d\u00e9di\u00e9, le club peut d\u00e9velopper ses ateliers, accueillir plus de membres et structurer la formation des pilotes, qu\u2019ils soient jeunes ou moins jeunes.<\/p>\n\n\n\n<p>Aujourd\u2019hui : Une Communaut\u00e9 en Plein Essor<\/p>\n\n\n\n<p>Le club compte d\u00e9sormais 35 membres, anim\u00e9s par une ambiance chaleureuse et une passion commune. Entre construction de mod\u00e8les, s\u00e9ances de pilotage et transmission des savoirs, l\u2019aventure continue avec enthousiasme. Les portes ouvertes et journ\u00e9es a th\u00e8mes&nbsp;restent un moment fort pour \u00e9changer avec le public et faire d\u00e9couvrir l\u2019a\u00e9romod\u00e9lisme. et la passion du vol sont au c\u0153ur de chaque rencontre. Que vous soyez d\u00e9butant ou expert, il y a toujours une place pour vous dans notre ciel !<\/p>\n\n\n\n<p><\/p>\n\n\n\n<p><\/p>\n\n\n\n<figure class=\"wp-block-gallery has-nested-images columns-default is-cropped wp-block-gallery-1 is-layout-flex wp-block-gallery-is-layout-flex\">\n<figure class=\"wp-block-image size-large\"><img loading=\"lazy\" decoding=\"async\" width=\"1024\" height=\"768\" data-id=\"125\" src=\"https:\/\/aeromodelisme-fouesnant.fr\/wp-content\/uploads\/2025\/12\/20251113_101257-4-1024x768.jpg\" alt=\"\" class=\"wp-image-125\" srcset=\"https:\/\/aeromodelisme-fouesnant.fr\/wp-content\/uploads\/2025\/12\/20251113_101257-4-1024x768.jpg 1024w, https:\/\/aeromodelisme-fouesnant.fr\/wp-content\/uploads\/2025\/12\/20251113_101257-4-300x225.jpg 300w, https:\/\/aeromodelisme-fouesnant.fr\/wp-content\/uploads\/2025\/12\/20251113_101257-4-768x576.jpg 768w, https:\/\/aeromodelisme-fouesnant.fr\/wp-content\/uploads\/2025\/12\/20251113_101257-4-1536x1152.jpg 1536w, https:\/\/aeromodelisme-fouesnant.fr\/wp-content\/uploads\/2025\/12\/20251113_101257-4-2048x1536.jpg 2048w\" sizes=\"auto, (max-width: 1024px) 100vw, 1024px\" \/><\/figure>\n\n\n\n<figure class=\"wp-block-image size-large\"><img loading=\"lazy\" decoding=\"async\" width=\"1024\" height=\"576\" data-id=\"126\" src=\"https:\/\/aeromodelisme-fouesnant.fr\/wp-content\/uploads\/2025\/12\/DSC_0324-3-1024x576.jpg\" alt=\"\" class=\"wp-image-126\" srcset=\"https:\/\/aeromodelisme-fouesnant.fr\/wp-content\/uploads\/2025\/12\/DSC_0324-3-1024x576.jpg 1024w, https:\/\/aeromodelisme-fouesnant.fr\/wp-content\/uploads\/2025\/12\/DSC_0324-3-300x169.jpg 300w, https:\/\/aeromodelisme-fouesnant.fr\/wp-content\/uploads\/2025\/12\/DSC_0324-3-768x432.jpg 768w, https:\/\/aeromodelisme-fouesnant.fr\/wp-content\/uploads\/2025\/12\/DSC_0324-3-1536x864.jpg 1536w, https:\/\/aeromodelisme-fouesnant.fr\/wp-content\/uploads\/2025\/12\/DSC_0324-3-2048x1152.jpg 2048w\" sizes=\"auto, (max-width: 1024px) 100vw, 1024px\" \/><\/figure>\n\n\n\n<figure class=\"wp-block-image size-large\"><img loading=\"lazy\" decoding=\"async\" width=\"1024\" height=\"726\" data-id=\"128\" src=\"https:\/\/aeromodelisme-fouesnant.fr\/wp-content\/uploads\/2025\/12\/20230518_151914-4-1024x726.jpg\" alt=\"\" class=\"wp-image-128\" srcset=\"https:\/\/aeromodelisme-fouesnant.fr\/wp-content\/uploads\/2025\/12\/20230518_151914-4-1024x726.jpg 1024w, https:\/\/aeromodelisme-fouesnant.fr\/wp-content\/uploads\/2025\/12\/20230518_151914-4-300x213.jpg 300w, https:\/\/aeromodelisme-fouesnant.fr\/wp-content\/uploads\/2025\/12\/20230518_151914-4-768x545.jpg 768w, https:\/\/aeromodelisme-fouesnant.fr\/wp-content\/uploads\/2025\/12\/20230518_151914-4-1536x1089.jpg 1536w, https:\/\/aeromodelisme-fouesnant.fr\/wp-content\/uploads\/2025\/12\/20230518_151914-4-2048x1452.jpg 2048w\" sizes=\"auto, (max-width: 1024px) 100vw, 1024px\" \/><\/figure>\n\n\n\n<figure class=\"wp-block-image size-large\"><img loading=\"lazy\" decoding=\"async\" width=\"1024\" height=\"577\" data-id=\"132\" src=\"https:\/\/aeromodelisme-fouesnant.fr\/wp-content\/uploads\/2025\/12\/20250622_174459-4-1024x577.jpg\" alt=\"\" class=\"wp-image-132\" srcset=\"https:\/\/aeromodelisme-fouesnant.fr\/wp-content\/uploads\/2025\/12\/20250622_174459-4-1024x577.jpg 1024w, https:\/\/aeromodelisme-fouesnant.fr\/wp-content\/uploads\/2025\/12\/20250622_174459-4-300x169.jpg 300w, https:\/\/aeromodelisme-fouesnant.fr\/wp-content\/uploads\/2025\/12\/20250622_174459-4-768x432.jpg 768w, https:\/\/aeromodelisme-fouesnant.fr\/wp-content\/uploads\/2025\/12\/20250622_174459-4-1536x865.jpg 1536w, https:\/\/aeromodelisme-fouesnant.fr\/wp-content\/uploads\/2025\/12\/20250622_174459-4-2048x1153.jpg 2048w\" sizes=\"auto, (max-width: 1024px) 100vw, 1024px\" \/><\/figure>\n<\/figure>\n","protected":false},"excerpt":{"rendered":"<p>L\u2019Envie de Voler Ensemble Fond\u00e9 en septembre 2010 par des passionn\u00e9s d\u2019a\u00e9romod\u00e9lisme, le club est n\u00e9 d\u2019une volont\u00e9 commune : partager la passion du mod\u00e9lisme a\u00e9rien, alliant technique, cr\u00e9ativit\u00e9 et convivialit\u00e9. 2015 : L\u2019Envol des Activit\u00e9s Avec 15 licenci\u00e9s, le club se distingue en ext\u00e9rieur comme en indoor, notamment \u00e0 l\u2019espace de Brehoulou. Les membres [&hellip;]<\/p>\n","protected":false},"author":1,"featured_media":0,"parent":0,"menu_order":0,"comment_status":"closed","ping_status":"closed","template":"","meta":{"footnotes":""},"class_list":["post-9","page","type-page","status-publish","hentry"],"_links":{"self":[{"href":"https:\/\/aeromodelisme-fouesnant.fr\/index.php?rest_route=\/wp\/v2\/pages\/9","targetHints":{"allow":["GET"]}}],"collection":[{"href":"https:\/\/aeromodelisme-fouesnant.fr\/index.php?rest_route=\/wp\/v2\/pages"}],"about":[{"href":"https:\/\/aeromodelisme-fouesnant.fr\/index.php?rest_route=\/wp\/v2\/types\/page"}],"author":[{"embeddable":true,"href":"https:\/\/aeromodelisme-fouesnant.fr\/index.php?rest_route=\/wp\/v2\/users\/1"}],"replies":[{"embeddable":true,"href":"https:\/\/aeromodelisme-fouesnant.fr\/index.php?rest_route=%2Fwp%2Fv2%2Fcomments&post=9"}],"version-history":[{"count":9,"href":"https:\/\/aeromodelisme-fouesnant.fr\/index.php?rest_route=\/wp\/v2\/pages\/9\/revisions"}],"predecessor-version":[{"id":287,"href":"https:\/\/aeromodelisme-fouesnant.fr\/index.php?rest_route=\/wp\/v2\/pages\/9\/revisions\/287"}],"wp:attachment":[{"href":"https:\/\/aeromodelisme-fouesnant.fr\/index.php?rest_route=%2Fwp%2Fv2%2Fmedia&parent=9"}],"curies":[{"name":"wp","href":"https:\/\/api.w.org\/{rel}","templated":true}]}}