{"id":7,"date":"2025-12-09T16:47:42","date_gmt":"2025-12-09T16:47:42","guid":{"rendered":"http:\/\/nhlfsyy.cluster121.hosting.ovh.net\/?page_id=7"},"modified":"2025-12-20T07:49:38","modified_gmt":"2025-12-20T07:49:38","slug":"accueil","status":"publish","type":"page","link":"https:\/\/aeromodelisme-fouesnant.fr\/","title":{"rendered":"Ils \u00e9crivent l&rsquo;histoire de l&rsquo;a\u00e9romod\u00e9lisme \u00e0 Fouesnant"},"content":{"rendered":"\n<p><strong>Club d\u2019A\u00e9romod\u00e9lisme de Fouesnant \u2013 Passion, Transmission et Vol<\/strong><\/p>\n\n\n\n<p><\/p>\n\n\n\n<p>Bienvenue au <strong>Club d\u2019A\u00e9romod\u00e9lisme de Fouesnant<\/strong>, o\u00f9 la passion du mod\u00e9lisme a\u00e9rien se partage entre jeunes et moins jeunes ! Notre club, bas\u00e9 en Bretagne, se distingue par son approche conviviale et p\u00e9dagogique : nous formons les pilotes de demain, quel que soit leur \u00e2ge, et construisons ensemble nos mod\u00e8les, du d\u00e9butant au confirm\u00e9.<\/p>\n\n\n\n<p><strong>Nos activit\u00e9s :<\/strong><\/p>\n\n\n\n<p><\/p>\n\n\n\n<p><\/p>\n\n\n\n<ul class=\"wp-block-list\">\n<li><strong>Formation<\/strong> : Apprentissage du pilotage, de la construction et de la maintenance des mod\u00e8les, dans une ambiance bienveillante et encadr\u00e9e.<\/li>\n\n\n\n<li><strong>Construction<\/strong> : Ateliers pour fabriquer nos avions et planeurs, en passant par les h\u00e9licopt\u00e8res et les drones.<\/li>\n\n\n\n<li><strong>Vol indoor et ext\u00e9rieur<\/strong> : Pratique adapt\u00e9e \u00e0 tous les niveaux, en salle , sur terrain homologu\u00e9 ou sur des sites d\u2019exception comme le <strong>Menez Hom<\/strong>, offrant des paysages \u00e0 couper le souffle.<\/li>\n<\/ul>\n\n\n\n<p><\/p>\n\n\n\n<p><\/p>\n\n\n\n<p><strong>Rejoignez-nous<\/strong> pour vivre une aventure humaine et technique, o\u00f9 le partage et la passion du vol sont au c\u0153ur de chaque rencontre. Que vous soyez d\u00e9butant ou expert, il y a toujoursVotre passion pour l&rsquo;aviation vous appelle ? Venez \u00e9crire votre propre chapitre dans l&rsquo;histoire de l&rsquo;a\u00e9romod\u00e9lisme fouesnantais. D\u00e9butant ou confirm\u00e9, vous avez votre place parmi nous.<\/p>\n\n\n\n<details class=\"wp-block-details is-layout-flow wp-block-details-is-layout-flow\"><summary><\/summary>\n<ul class=\"wp-block-social-links is-layout-flex wp-block-social-links-is-layout-flex\"><\/ul>\n<\/details>\n\n\n\n<ul class=\"wp-block-social-links is-layout-flex wp-block-social-links-is-layout-flex\"><\/ul>\n\n\n\n<p><\/p>\n","protected":false},"excerpt":{"rendered":"<p>Club d\u2019A\u00e9romod\u00e9lisme de Fouesnant \u2013 Passion, Transmission et Vol Bienvenue au Club d\u2019A\u00e9romod\u00e9lisme de Fouesnant, o\u00f9 la passion du mod\u00e9lisme a\u00e9rien se partage entre jeunes et moins jeunes ! Notre club, bas\u00e9 en Bretagne, se distingue par son approche conviviale et p\u00e9dagogique : nous formons les pilotes de demain, quel que soit leur \u00e2ge, et [&hellip;]<\/p>\n","protected":false},"author":1,"featured_media":0,"parent":0,"menu_order":0,"comment_status":"closed","ping_status":"closed","template":"","meta":{"footnotes":""},"class_list":["post-7","page","type-page","status-publish","hentry"],"_links":{"self":[{"href":"https:\/\/aeromodelisme-fouesnant.fr\/index.php?rest_route=\/wp\/v2\/pages\/7","targetHints":{"allow":["GET"]}}],"collection":[{"href":"https:\/\/aeromodelisme-fouesnant.fr\/index.php?rest_route=\/wp\/v2\/pages"}],"about":[{"href":"https:\/\/aeromodelisme-fouesnant.fr\/index.php?rest_route=\/wp\/v2\/types\/page"}],"author":[{"embeddable":true,"href":"https:\/\/aeromodelisme-fouesnant.fr\/index.php?rest_route=\/wp\/v2\/users\/1"}],"replies":[{"embeddable":true,"href":"https:\/\/aeromodelisme-fouesnant.fr\/index.php?rest_route=%2Fwp%2Fv2%2Fcomments&post=7"}],"version-history":[{"count":9,"href":"https:\/\/aeromodelisme-fouesnant.fr\/index.php?rest_route=\/wp\/v2\/pages\/7\/revisions"}],"predecessor-version":[{"id":288,"href":"https:\/\/aeromodelisme-fouesnant.fr\/index.php?rest_route=\/wp\/v2\/pages\/7\/revisions\/288"}],"wp:attachment":[{"href":"https:\/\/aeromodelisme-fouesnant.fr\/index.php?rest_route=%2Fwp%2Fv2%2Fmedia&parent=7"}],"curies":[{"name":"wp","href":"https:\/\/api.w.org\/{rel}","templated":true}]}}