{"id":101,"date":"2025-12-11T20:36:50","date_gmt":"2025-12-11T20:36:50","guid":{"rendered":"http:\/\/nhlfsyy.cluster121.hosting.ovh.net\/?page_id=101"},"modified":"2025-12-12T20:50:46","modified_gmt":"2025-12-12T20:50:46","slug":"construire","status":"publish","type":"page","link":"https:\/\/aeromodelisme-fouesnant.fr\/?page_id=101","title":{"rendered":"Construire"},"content":{"rendered":"\n<p>Au sein de notre association, nous concevons nos a\u00e9romod\u00e8les de A \u00e0 Z, en nous appuyant sur l\u2019expertise vari\u00e9e de nos membres. Forts d\u2019un savoir-faire acquis dans la construction de machines, la CAO, et anim\u00e9s par une volont\u00e9 de transmission, nous allions pr\u00e9cision technique et passion pour l\u2019a\u00e9ronautique.<\/p>\n\n\n\n<p>Chaque projet est une aventure collective, o\u00f9 l\u2019innovation et le partage des connaissances sont au c\u0153ur de notre d\u00e9marche. Notre objectif ? Cr\u00e9er des mod\u00e8les uniques, tout en formant les jeunes et moins jeunes et en perp\u00e9tuant un h\u00e9ritage artisanal et technique.<\/p>\n\n\n\n<figure class=\"wp-block-gallery has-nested-images columns-default is-cropped wp-block-gallery-1 is-layout-flex wp-block-gallery-is-layout-flex\">\n<figure class=\"wp-block-image size-large\"><img loading=\"lazy\" decoding=\"async\" width=\"1024\" height=\"768\" data-id=\"78\" src=\"https:\/\/aeromodelisme-fouesnant.fr\/wp-content\/uploads\/2025\/12\/20251204_154637-1024x768.jpg\" alt=\"\" class=\"wp-image-78\" srcset=\"https:\/\/aeromodelisme-fouesnant.fr\/wp-content\/uploads\/2025\/12\/20251204_154637-1024x768.jpg 1024w, https:\/\/aeromodelisme-fouesnant.fr\/wp-content\/uploads\/2025\/12\/20251204_154637-300x225.jpg 300w, https:\/\/aeromodelisme-fouesnant.fr\/wp-content\/uploads\/2025\/12\/20251204_154637-768x576.jpg 768w, https:\/\/aeromodelisme-fouesnant.fr\/wp-content\/uploads\/2025\/12\/20251204_154637-1536x1152.jpg 1536w, https:\/\/aeromodelisme-fouesnant.fr\/wp-content\/uploads\/2025\/12\/20251204_154637-2048x1536.jpg 2048w\" sizes=\"auto, (max-width: 1024px) 100vw, 1024px\" \/><\/figure>\n\n\n\n<figure class=\"wp-block-image size-large\"><img loading=\"lazy\" decoding=\"async\" width=\"2560\" height=\"1920\" data-id=\"112\" src=\"http:\/\/nhlfsyy.cluster121.hosting.ovh.net\/wp-content\/uploads\/2025\/12\/20240203_143905-1-scaled.jpg\" alt=\"\" class=\"wp-image-112\" srcset=\"https:\/\/aeromodelisme-fouesnant.fr\/wp-content\/uploads\/2025\/12\/20240203_143905-1-scaled.jpg 2560w, https:\/\/aeromodelisme-fouesnant.fr\/wp-content\/uploads\/2025\/12\/20240203_143905-1-300x225.jpg 300w\" sizes=\"auto, (max-width: 2560px) 100vw, 2560px\" \/><\/figure>\n\n\n\n<figure class=\"wp-block-image size-large\"><img loading=\"lazy\" decoding=\"async\" width=\"1024\" height=\"577\" data-id=\"110\" src=\"http:\/\/nhlfsyy.cluster121.hosting.ovh.net\/wp-content\/uploads\/2025\/12\/20250131_173345-3-1024x577.jpg\" alt=\"\" class=\"wp-image-110\" srcset=\"https:\/\/aeromodelisme-fouesnant.fr\/wp-content\/uploads\/2025\/12\/20250131_173345-3-1024x577.jpg 1024w, https:\/\/aeromodelisme-fouesnant.fr\/wp-content\/uploads\/2025\/12\/20250131_173345-3-300x169.jpg 300w, https:\/\/aeromodelisme-fouesnant.fr\/wp-content\/uploads\/2025\/12\/20250131_173345-3-768x432.jpg 768w, https:\/\/aeromodelisme-fouesnant.fr\/wp-content\/uploads\/2025\/12\/20250131_173345-3-1536x865.jpg 1536w, https:\/\/aeromodelisme-fouesnant.fr\/wp-content\/uploads\/2025\/12\/20250131_173345-3-2048x1153.jpg 2048w\" sizes=\"auto, (max-width: 1024px) 100vw, 1024px\" \/><\/figure>\n\n\n\n<figure class=\"wp-block-image size-large\"><img loading=\"lazy\" decoding=\"async\" width=\"1024\" height=\"768\" data-id=\"118\" src=\"https:\/\/aeromodelisme-fouesnant.fr\/wp-content\/uploads\/2025\/12\/20251120_144504-2-1024x768.jpg\" alt=\"\" class=\"wp-image-118\" srcset=\"https:\/\/aeromodelisme-fouesnant.fr\/wp-content\/uploads\/2025\/12\/20251120_144504-2-1024x768.jpg 1024w, https:\/\/aeromodelisme-fouesnant.fr\/wp-content\/uploads\/2025\/12\/20251120_144504-2-300x225.jpg 300w, https:\/\/aeromodelisme-fouesnant.fr\/wp-content\/uploads\/2025\/12\/20251120_144504-2-768x576.jpg 768w, https:\/\/aeromodelisme-fouesnant.fr\/wp-content\/uploads\/2025\/12\/20251120_144504-2-1536x1152.jpg 1536w, https:\/\/aeromodelisme-fouesnant.fr\/wp-content\/uploads\/2025\/12\/20251120_144504-2-2048x1536.jpg 2048w\" sizes=\"auto, (max-width: 1024px) 100vw, 1024px\" \/><\/figure>\n\n\n\n<figure class=\"wp-block-image size-large\"><img loading=\"lazy\" decoding=\"async\" width=\"768\" height=\"1024\" data-id=\"83\" src=\"https:\/\/aeromodelisme-fouesnant.fr\/wp-content\/uploads\/2025\/12\/20240505_113103-2-768x1024.jpg\" alt=\"\" class=\"wp-image-83\" srcset=\"https:\/\/aeromodelisme-fouesnant.fr\/wp-content\/uploads\/2025\/12\/20240505_113103-2-768x1024.jpg 768w, https:\/\/aeromodelisme-fouesnant.fr\/wp-content\/uploads\/2025\/12\/20240505_113103-2-225x300.jpg 225w, https:\/\/aeromodelisme-fouesnant.fr\/wp-content\/uploads\/2025\/12\/20240505_113103-2-1152x1536.jpg 1152w, https:\/\/aeromodelisme-fouesnant.fr\/wp-content\/uploads\/2025\/12\/20240505_113103-2-1536x2048.jpg 1536w, https:\/\/aeromodelisme-fouesnant.fr\/wp-content\/uploads\/2025\/12\/20240505_113103-2-scaled.jpg 1920w\" sizes=\"auto, (max-width: 768px) 100vw, 768px\" \/><\/figure>\n<\/figure>\n","protected":false},"excerpt":{"rendered":"<p>Au sein de notre association, nous concevons nos a\u00e9romod\u00e8les de A \u00e0 Z, en nous appuyant sur l\u2019expertise vari\u00e9e de nos membres. Forts d\u2019un savoir-faire acquis dans la construction de machines, la CAO, et anim\u00e9s par une volont\u00e9 de transmission, nous allions pr\u00e9cision technique et passion pour l\u2019a\u00e9ronautique. Chaque projet est une aventure collective, o\u00f9 [&hellip;]<\/p>\n","protected":false},"author":1,"featured_media":0,"parent":0,"menu_order":0,"comment_status":"closed","ping_status":"closed","template":"","meta":{"footnotes":""},"class_list":["post-101","page","type-page","status-publish","hentry"],"_links":{"self":[{"href":"https:\/\/aeromodelisme-fouesnant.fr\/index.php?rest_route=\/wp\/v2\/pages\/101","targetHints":{"allow":["GET"]}}],"collection":[{"href":"https:\/\/aeromodelisme-fouesnant.fr\/index.php?rest_route=\/wp\/v2\/pages"}],"about":[{"href":"https:\/\/aeromodelisme-fouesnant.fr\/index.php?rest_route=\/wp\/v2\/types\/page"}],"author":[{"embeddable":true,"href":"https:\/\/aeromodelisme-fouesnant.fr\/index.php?rest_route=\/wp\/v2\/users\/1"}],"replies":[{"embeddable":true,"href":"https:\/\/aeromodelisme-fouesnant.fr\/index.php?rest_route=%2Fwp%2Fv2%2Fcomments&post=101"}],"version-history":[{"count":7,"href":"https:\/\/aeromodelisme-fouesnant.fr\/index.php?rest_route=\/wp\/v2\/pages\/101\/revisions"}],"predecessor-version":[{"id":145,"href":"https:\/\/aeromodelisme-fouesnant.fr\/index.php?rest_route=\/wp\/v2\/pages\/101\/revisions\/145"}],"wp:attachment":[{"href":"https:\/\/aeromodelisme-fouesnant.fr\/index.php?rest_route=%2Fwp%2Fv2%2Fmedia&parent=101"}],"curies":[{"name":"wp","href":"https:\/\/api.w.org\/{rel}","templated":true}]}}