{"id":10,"date":"2025-12-09T14:54:17","date_gmt":"2025-12-09T14:54:17","guid":{"rendered":"http:\/\/nhlfsyy.cluster121.hosting.ovh.net\/?page_id=10"},"modified":"2025-12-13T19:04:46","modified_gmt":"2025-12-13T19:04:46","slug":"contact","status":"publish","type":"page","link":"https:\/\/aeromodelisme-fouesnant.fr\/?page_id=10","title":{"rendered":"Contact"},"content":{"rendered":"\n<p><\/p>\n\n\n\n<p>Pr\u00e9sident de l&rsquo;association : Yves Ruellou <\/p>\n\n\n\n<p>Secr\u00e9taire de l&rsquo;association: Thierry Cast\u00e9ras<\/p>\n\n\n\n<p>Tr\u00e9sorier: Jean-Yves Kervizic<\/p>\n\n\n\n<p>Contact@aeromodelisme-fouesnant.fr<\/p>\n\n\n\n<p><\/p>\n\n\n\n<p><\/p>\n\n\n\n<h2 class=\"wp-block-heading\">Fiche d&rsquo;inscription<\/h2>\n\n\n\n<p><\/p>\n\n\n\n\n\n\n\n<div class=\"wp-block-buttons is-layout-flex wp-block-buttons-is-layout-flex\">\n<div class=\"wp-block-button is-style-fill\"><a class=\"wp-block-button__link wp-element-button\" href=\"http:\/\/nhlfsyy.cluster121.hosting.ovh.net\/wp-content\/uploads\/2025\/12\/ficheinscription-2024-2025-2.pdf\">T\u00e9l\u00e9charger<\/a><\/div>\n<\/div>\n\n\n\n<p><\/p>\n\n\n\n<p><\/p>\n\n\n\n<h2 class=\"wp-block-heading\">Nos sites de vols<\/h2>\n\n\n\n<p><\/p>\n\n\n\n<p><\/p>\n\n\n\n<h3 class=\"wp-block-heading has-text-align-left\">Kerchann<\/h3>\n\n\n\n<p>Notre site de vol principal<\/p>\n\n\n\n<figure class=\"wp-block-image size-large is-resized\"><img loading=\"lazy\" decoding=\"async\" width=\"1024\" height=\"768\" src=\"https:\/\/aeromodelisme-fouesnant.fr\/wp-content\/uploads\/2025\/12\/20230604_135438-1-1024x768.jpg\" alt=\"\" class=\"wp-image-105\" style=\"width:470px;height:auto\" srcset=\"https:\/\/aeromodelisme-fouesnant.fr\/wp-content\/uploads\/2025\/12\/20230604_135438-1-1024x768.jpg 1024w, https:\/\/aeromodelisme-fouesnant.fr\/wp-content\/uploads\/2025\/12\/20230604_135438-1-300x225.jpg 300w, https:\/\/aeromodelisme-fouesnant.fr\/wp-content\/uploads\/2025\/12\/20230604_135438-1-768x576.jpg 768w, https:\/\/aeromodelisme-fouesnant.fr\/wp-content\/uploads\/2025\/12\/20230604_135438-1-1536x1152.jpg 1536w, https:\/\/aeromodelisme-fouesnant.fr\/wp-content\/uploads\/2025\/12\/20230604_135438-1-2048x1536.jpg 2048w\" sizes=\"auto, (max-width: 1024px) 100vw, 1024px\" \/><\/figure>\n\n\n\n<p><\/p>\n\n\n\n<p><\/p>\n\n\n\n<p><\/p>\n\n\n\n<h3 class=\"wp-block-heading\">En salle Espace Sportif de Br\u00e9houlou<\/h3>\n\n\n\n<p>Le samedi de 17H00 \u00e0 19h00 et le Dimanche de 14H00 \u00e0 16H00<\/p>\n\n\n\n<p><\/p>\n\n\n\n<figure class=\"wp-block-image size-full is-resized\"><img loading=\"lazy\" decoding=\"async\" width=\"1000\" height=\"1000\" src=\"https:\/\/aeromodelisme-fouesnant.fr\/wp-content\/uploads\/2025\/12\/salle.webp\" alt=\"\" class=\"wp-image-148\" style=\"width:470px;height:auto\" srcset=\"https:\/\/aeromodelisme-fouesnant.fr\/wp-content\/uploads\/2025\/12\/salle.webp 1000w, https:\/\/aeromodelisme-fouesnant.fr\/wp-content\/uploads\/2025\/12\/salle-300x300.webp 300w, https:\/\/aeromodelisme-fouesnant.fr\/wp-content\/uploads\/2025\/12\/salle-150x150.webp 150w, https:\/\/aeromodelisme-fouesnant.fr\/wp-content\/uploads\/2025\/12\/salle-768x768.webp 768w\" sizes=\"auto, (max-width: 1000px) 100vw, 1000px\" \/><\/figure>\n\n\n\n<p><\/p>\n\n\n\n<p><\/p>\n\n\n\n<h3 class=\"wp-block-heading\">Vol de pente au Menez Hom et autour de la magnifique baie de Douarnenez<\/h3>\n\n\n\n<p>D\u00e8s que les conditions sont favorables<\/p>\n\n\n\n<p><\/p>\n\n\n\n<figure class=\"wp-block-image size-large is-resized\"><img loading=\"lazy\" decoding=\"async\" width=\"1024\" height=\"768\" src=\"https:\/\/aeromodelisme-fouesnant.fr\/wp-content\/uploads\/2025\/12\/20231216_161233-2-1024x768.jpg\" alt=\"\" class=\"wp-image-86\" style=\"width:472px;height:auto\" srcset=\"https:\/\/aeromodelisme-fouesnant.fr\/wp-content\/uploads\/2025\/12\/20231216_161233-2-1024x768.jpg 1024w, https:\/\/aeromodelisme-fouesnant.fr\/wp-content\/uploads\/2025\/12\/20231216_161233-2-300x225.jpg 300w, https:\/\/aeromodelisme-fouesnant.fr\/wp-content\/uploads\/2025\/12\/20231216_161233-2-768x576.jpg 768w, https:\/\/aeromodelisme-fouesnant.fr\/wp-content\/uploads\/2025\/12\/20231216_161233-2-1536x1152.jpg 1536w, https:\/\/aeromodelisme-fouesnant.fr\/wp-content\/uploads\/2025\/12\/20231216_161233-2-2048x1536.jpg 2048w\" sizes=\"auto, (max-width: 1024px) 100vw, 1024px\" \/><\/figure>\n","protected":false},"excerpt":{"rendered":"<p>Pr\u00e9sident de l&rsquo;association : Yves Ruellou Secr\u00e9taire de l&rsquo;association: Thierry Cast\u00e9ras Tr\u00e9sorier: Jean-Yves Kervizic Contact@aeromodelisme-fouesnant.fr Fiche d&rsquo;inscription Nos sites de vols Kerchann Notre site de vol principal En salle Espace Sportif de Br\u00e9houlou Le samedi de 17H00 \u00e0 19h00 et le Dimanche de 14H00 \u00e0 16H00 Vol de pente au Menez Hom et autour de [&hellip;]<\/p>\n","protected":false},"author":1,"featured_media":0,"parent":0,"menu_order":0,"comment_status":"closed","ping_status":"closed","template":"","meta":{"footnotes":""},"class_list":["post-10","page","type-page","status-publish","hentry"],"_links":{"self":[{"href":"https:\/\/aeromodelisme-fouesnant.fr\/index.php?rest_route=\/wp\/v2\/pages\/10","targetHints":{"allow":["GET"]}}],"collection":[{"href":"https:\/\/aeromodelisme-fouesnant.fr\/index.php?rest_route=\/wp\/v2\/pages"}],"about":[{"href":"https:\/\/aeromodelisme-fouesnant.fr\/index.php?rest_route=\/wp\/v2\/types\/page"}],"author":[{"embeddable":true,"href":"https:\/\/aeromodelisme-fouesnant.fr\/index.php?rest_route=\/wp\/v2\/users\/1"}],"replies":[{"embeddable":true,"href":"https:\/\/aeromodelisme-fouesnant.fr\/index.php?rest_route=%2Fwp%2Fv2%2Fcomments&post=10"}],"version-history":[{"count":16,"href":"https:\/\/aeromodelisme-fouesnant.fr\/index.php?rest_route=\/wp\/v2\/pages\/10\/revisions"}],"predecessor-version":[{"id":158,"href":"https:\/\/aeromodelisme-fouesnant.fr\/index.php?rest_route=\/wp\/v2\/pages\/10\/revisions\/158"}],"wp:attachment":[{"href":"https:\/\/aeromodelisme-fouesnant.fr\/index.php?rest_route=%2Fwp%2Fv2%2Fmedia&parent=10"}],"curies":[{"name":"wp","href":"https:\/\/api.w.org\/{rel}","templated":true}]}}